{"id":3,"date":"2023-11-20T11:49:05","date_gmt":"2023-11-20T11:49:05","guid":{"rendered":"https:\/\/vitaleats.pl\/?page_id=3"},"modified":"2024-12-14T16:31:43","modified_gmt":"2024-12-14T16:31:43","slug":"privacy-policy","status":"publish","type":"page","link":"https:\/\/vitaleats.pl\/?page_id=3","title":{"rendered":"Privacy Policy"},"content":{"rendered":"<p>[et_pb_section fb_built=&#8221;1&#8243; _builder_version=&#8221;4.16&#8243; global_colors_info=&#8221;{}&#8221;][et_pb_row _builder_version=&#8221;4.23.1&#8243; _module_preset=&#8221;default&#8221; global_colors_info=&#8221;{}&#8221;][et_pb_column type=&#8221;4_4&#8243; _builder_version=&#8221;4.23.1&#8243; _module_preset=&#8221;default&#8221; global_colors_info=&#8221;{}&#8221;][et_pb_text _builder_version=&#8221;4.23.1&#8243; _module_preset=&#8221;default&#8221; global_colors_info=&#8221;{}&#8221;]<\/p>\n<h2><b>Polityka prywatno\u015bci<\/b><\/h2>\n<p><span style=\"font-weight: 400;\">Niniejsza Polityka Prywatno\u015bci zawiera zbiorcze informacje dotycz\u0105ce przetwarzania danych osobowych w domenie vitaleats.pl.<\/span><\/p>\n<p><b><\/b><\/p>\n<ul>\n<li aria-level=\"1\"><b>Og\u00f3lne warunki przetwarzania danych osobowych<\/b><\/li>\n<\/ul>\n<ol>\n<li style=\"font-weight: 400;\" aria-level=\"1\"><span style=\"font-weight: 400;\">Administratorem danych osobowych jest Monika Chrostowska z siedzib\u0105 w Trzebnicy, ul. Kazimierza Wielkiego 15 (zwany\/a dalej \u201eAdministratorem\u201d).<\/span><\/li>\n<li style=\"font-weight: 400;\" aria-level=\"1\"><span style=\"font-weight: 400;\">Z Administratorem mo\u017cna kontaktowa\u0107 si\u0119 pisemnie na adres wskazany w zdaniu poprzedzaj\u0105cym lub drog\u0105 e-mailow\u0105 na adres: monika@vitaleats.pl.<\/span><\/li>\n<li style=\"font-weight: 400;\" aria-level=\"1\"><span style=\"font-weight: 400;\">Przetwarzanie danych osobowych przez Administratora odbywa si\u0119 zgodnie z przepisami prawa, a w szczeg\u00f3lno\u015bci zgodnie z rozporz\u0105dzeniem Parlamentu Europejskiego i Rady (UE) 2016\/679 z dnia 27 kwietnia 2016 r. w sprawie ochrony os\u00f3b fizycznych w zwi\u0105zku z\u00a0przetwarzaniem danych osobowych i w sprawie swobodnego przep\u0142ywu takich danych oraz uchylenia dyrektywy 95\/46\/WE (zwanym dalej \u201eRODO\u201d).\u00a0<\/span><\/li>\n<li style=\"font-weight: 400;\" aria-level=\"1\"><span style=\"font-weight: 400;\">Przetwarzanie dotyczy os\u00f3b i danych osobowych zale\u017cnie od celu, w jakim s\u0105 przetwarzane (dok\u0142adnie wskazanie cel\u00f3w przetwarzania okre\u015bla pkt II. Polityki prywatno\u015bci). Dane podawane s\u0105 dobrowolnie, a\u00a0konsekwencj\u0105 niepodania ich mo\u017ce by\u0107 brak mo\u017cliwo\u015bci spe\u0142nienia okre\u015blonego celu, np. udzielenia odpowiedzi na zadane pytanie. Je\u017celi nast\u0105pi wym\u00f3g podania danych osobowych, Administrator poinformuje o tym bezpo\u015brednio.\u00a0<\/span><\/li>\n<li style=\"font-weight: 400;\" aria-level=\"1\"><span style=\"font-weight: 400;\">Administrator mo\u017ce przetwarza\u0107 dane osobowe wy\u0142\u0105cznie w spos\u00f3b zautomatyzowany, w tym stosowa\u0107 profilowanie, co b\u0119dzie wywo\u0142ywa\u0107 wobec osoby, kt\u00f3rej dane osobowe s\u0105 przetwarzane skutki prawne lub w podobny istotny spos\u00f3b na ni\u0105 wp\u0142ywa\u0107. \/ Administrator mo\u017ce przetwarza\u0107 dane osobowe w spos\u00f3b zautomatyzowany, w tym r\u00f3wnie\u017c w formie profilowania, jednak\u017ce przetwarzanie zautomatyzowane nie b\u0119dzie prowadzi\u0107 do podejmowania decyzji wywo\u0142uj\u0105cej skutki prawne lub w podobny spos\u00f3b istotnie wp\u0142ywa\u0107 na osob\u0119, kt\u00f3rej dane osobowe dotycz\u0105. \/ Administrator nie przetwarza danych osobowych wy\u0142\u0105cznie w spos\u00f3b zautomatyzowany, w tym nie stosuje profilowania.<\/span><\/li>\n<\/ol>\n<p><b><\/b><\/p>\n<ul>\n<li aria-level=\"1\"><b>Podstawy i okres przetwarzania danych osobowych<\/b><\/li>\n<\/ul>\n<p><span style=\"font-weight: 400;\">Ka\u017cde przetwarzanie danych osobowych odbywa si\u0119 w konkretnych, wyra\u017anych i w prawnie okre\u015blonych celach, a Administrator zapewnia, \u017ce nie zbiera i nie przetwarza danych osobowych niezgodnie z poni\u017cej wskazanymi celami.\u00a0\u00a0<\/span><\/p>\n<ol>\n<li style=\"font-weight: 400;\" aria-level=\"1\"><span style=\"font-weight: 400;\">Realizacja czynno\u015bci zwi\u0105zanych z zawarciem i wykonaniem umowy odbywa si\u0119 na podstawie art. 6 ust. 1 lit. b RODO i w szczeg\u00f3lno\u015bci dotyczy:\u00a0<\/span><\/li>\n<\/ol>\n<ol>\n<li style=\"font-weight: 400;\" aria-level=\"2\"><span style=\"font-weight: 400;\">\u015bwiadczenia us\u0142ugi w zakresie zgodnym z zawart\u0105 umow\u0105;<\/span><\/li>\n<li style=\"font-weight: 400;\" aria-level=\"2\"><span style=\"font-weight: 400;\">kontaktowania si\u0119 w zakresie zwi\u0105zanym ze \u015bwiadczon\u0105 us\u0142ug\u0105;\u00a0<\/span><\/li>\n<li style=\"font-weight: 400;\" aria-level=\"2\"><span style=\"font-weight: 400;\">podejmowanie dzia\u0142a\u0144 przed zawarciem umowy, w szczeg\u00f3lno\u015bci dostarczenia oferty na \u017c\u0105danie osoby, kt\u00f3rej dane dotycz\u0105.\u00a0\u00a0<\/span><\/li>\n<\/ol>\n<p><span style=\"font-weight: 400;\">Okres przetwarzania danych w tym celu dotyczy czasu trwania umowy.\u00a0<\/span><\/p>\n<ol>\n<li style=\"font-weight: 400;\" aria-level=\"1\"><span style=\"font-weight: 400;\">Nawi\u0105zanie relacji handlowych, w tym udzielenie odpowiedzi na zadawane pytania w\u00a0zwi\u0105zku z\u00a0kontaktem os\u00f3b, kt\u00f3rych dane dotycz\u0105, odbywa si\u0119 na podstawie art. 6 ust. 1 lit. f RODO w\u00a0zwi\u0105zku z realizacj\u0105 prawnie usprawiedliwionych interes\u00f3w Administratora polegaj\u0105cych na odpowiadaniu na kierowane zapytania. Dane osobowe b\u0119d\u0105 przetwarzane do momentu wyra\u017cenia skutecznego sprzeciwu wobec przetwarzania danych, z tym, \u017ce nie d\u0142u\u017cej ni\u017c do ostatniego dnia roku kalendarzowego nast\u0119puj\u0105cego po up\u0142ywie 3 lat od momentu udzielenia odpowiedzi przez Administratora.\u00a0<\/span><\/li>\n<li style=\"font-weight: 400;\" aria-level=\"1\"><span style=\"font-weight: 400;\">Dochodzenie lub zabezpieczenie ewentualnych roszcze\u0144 i obs\u0142uga reklamacji odbywa si\u0119 na podstawie art. 6 ust. 1 lit. f RODO w zwi\u0105zku z realizacj\u0105 prawnie usprawiedliwionych interes\u00f3w Administratora dotycz\u0105cych ochrony praw Administratora i os\u00f3b, kt\u00f3rych prawa dotycz\u0105, a\u00a0okres przetwarzania danych odnosi si\u0119 do okresu przedawnienia danego roszczenia, i rozpoczyna si\u0119 w momencie dochodzenia lub obrony przed okre\u015blonym roszczeniem.<\/span><\/li>\n<li style=\"font-weight: 400;\" aria-level=\"1\"><span style=\"font-weight: 400;\">Dzia\u0142ania marketingowe us\u0142ug w\u0142asnych lub podmiot\u00f3w trzecich odbywaj\u0105 si\u0119 na podstawie art. 6\u00a0ust. 1 lit. f RODO w zwi\u0105zku z realizacj\u0105 prawnie usprawiedliwionych interes\u00f3w Administratora polegaj\u0105cych na dbaniu o interesy Administratora oraz promowaniu us\u0142ug i\u00a0d\u0105\u017ceniu do nawi\u0105zania wsp\u00f3\u0142pracy. Okres przetwarzania danych osobowych, w zakresie dzia\u0142a\u0144 marketingowych, wynosi do momentu wycofania zgody na otrzymywanie komunikat\u00f3w lub informacji na podstawie przepis\u00f3w ustawy o \u015bwiadczeniu us\u0142ug drog\u0105 elektroniczn\u0105 lub prawa telekomunikacyjnego lub do momentu wniesienia skutecznego sprzeciwu wobec przetwarzania danych, jednak nie d\u0142u\u017cej ni\u017c [&#8230;].<\/span><\/li>\n<li style=\"font-weight: 400;\" aria-level=\"1\"><span style=\"font-weight: 400;\">Realizacja obowi\u0105zk\u00f3w podatkowych i rachunkowych odbywa si\u0119 na podstawie art. 6 ust. 1 lit. c\u00a0RODO w zwi\u0105zku z w\u0142a\u015bciwymi przepisami podatkowo-rachunkowymi. Okres przetwarzania danych w tym celu jest r\u00f3wny z okresem trwania obowi\u0105zku prawnego, gdzie okres ten okre\u015blany jest obowi\u0105zuj\u0105cymi przepisami prawa.<\/span><\/li>\n<\/ol>\n<p><b><\/b><\/p>\n<ul>\n<li aria-level=\"1\"><b>Prawa os\u00f3b, kt\u00f3rych dane dotycz\u0105<\/b><\/li>\n<\/ul>\n<p><span style=\"font-weight: 400;\">Osoba, kt\u00f3rej dane osobowe s\u0105 przetwarzane przez Administratora, je\u017celi zosta\u0142y spe\u0142nione prawnie wskazane warunki, ma prawo do:<\/span><\/p>\n<ol>\n<li style=\"font-weight: 400;\" aria-level=\"1\"><span style=\"font-weight: 400;\">dost\u0119pu do tre\u015bci swoich danych oraz uzyskania kopii,<\/span><\/li>\n<li style=\"font-weight: 400;\" aria-level=\"1\"><span style=\"font-weight: 400;\">prawo sprostowania,<\/span><\/li>\n<li style=\"font-weight: 400;\" aria-level=\"1\"><span style=\"font-weight: 400;\">prawo do \u017c\u0105dania usuni\u0119cia,<\/span><\/li>\n<li style=\"font-weight: 400;\" aria-level=\"1\"><span style=\"font-weight: 400;\">ograniczenia przetwarzania,<\/span><\/li>\n<li style=\"font-weight: 400;\" aria-level=\"1\"><span style=\"font-weight: 400;\">przenoszenia danych,<\/span><\/li>\n<li style=\"font-weight: 400;\" aria-level=\"1\"><span style=\"font-weight: 400;\">wniesienia sprzeciwu z przyczyn zwi\u0105zanych z jego szczeg\u00f3ln\u0105 sytuacj\u0105 wobec przetwarzania danych na podstawie uzasadnionego interesu Administratora,<\/span><\/li>\n<li style=\"font-weight: 400;\" aria-level=\"1\"><span style=\"font-weight: 400;\">wniesienia sprzeciwu wobec przetwarzania, kt\u00f3re podstaw\u0105 jest uzasadniony interes Administratora, w celach marketingowych,<\/span><\/li>\n<li style=\"font-weight: 400;\" aria-level=\"1\"><span style=\"font-weight: 400;\">wniesienia skargi do organu nadzorczego, je\u017celi uzna, \u017ce przetwarzanie danych osobowych przez Administratora narusza przepisy obowi\u0105zuj\u0105cego prawa (adres: Prezes Urz\u0119du Ochrony Danych Osobowych, ul. Stawki 2, 00-193 Warszawa).<\/span><\/li>\n<li style=\"font-weight: 400;\" aria-level=\"1\"><span style=\"font-weight: 400;\">cofni\u0119cia zgody, je\u017celi przetwarzanie odbywa si\u0119 na podstawie zgody (wycofanie zgody nie wp\u0142ywa na zgodno\u015b\u0107 z prawem przetwarzania, kt\u00f3rego dokonano na podstawie zgody przed jej wycofaniem).<\/span><\/li>\n<\/ol>\n<p><b><\/b><\/p>\n<ul>\n<li aria-level=\"1\"><b>Odbiorcy danych osobowych<\/b><\/li>\n<\/ul>\n<ol>\n<li style=\"font-weight: 400;\" aria-level=\"1\"><span style=\"font-weight: 400;\">Dane osobowe mog\u0105 by\u0107 przekazywane podmiotom uprawnionym do ich otrzymania na mocy obowi\u0105zuj\u0105cych przepis\u00f3w prawa, w tym w\u0142a\u015bciwym organom wymiaru sprawiedliwo\u015bci.\u00a0<\/span><\/li>\n<li style=\"font-weight: 400;\" aria-level=\"1\"><span style=\"font-weight: 400;\">Dane osobowe mog\u0105 by\u0107 przekazywane tak\u017ce zaufanym odbiorcom takim jak: przewo\u017anikom i podmiotowi \u015bwiadcz\u0105cemu us\u0142ugi pocztowe, podmiotowi obs\u0142uguj\u0105cemu ksi\u0119gowo\u015b\u0107, podmiotom \u015bwiadcz\u0105cym us\u0142ugi prawne, partnerom \u015bwiadcz\u0105cym us\u0142ugi techniczne (rozwijanie i\u00a0utrzymywanie system\u00f3w informatycznych i serwis\u00f3w internetowych, dostarczanie oprogramowania lub system\u00f3w) oraz firmom windykacyjnym.<\/span><\/li>\n<li style=\"font-weight: 400;\" aria-level=\"1\"><span style=\"font-weight: 400;\">Administrator <\/span><i><span style=\"font-weight: 400;\">nie przekazuje <\/span><\/i><span style=\"font-weight: 400;\">danych osobowych poza Europejski Obszar Gospodarczy (EOG) lub do organizacji mi\u0119dzynarodowych. Przekazywanie poza EOG odbywa si\u0119 na podstawie decyzji w sprawie odpowiedniego stopnia ochrony podj\u0119tej przez Komisj\u0119 Europejsk\u0105 lub na podstawie standardowych klauzul umownych zgodnie z decyzj\u0105 Komisji Europejskiej albo na innej podstawie prawnej na przyk\u0142ad: wyra\u017ana zgoda osoby, kt\u00f3rej dane dotycz\u0105. Dok\u0142adne informacje o odpowiednich lub w\u0142a\u015bciwych zabezpieczeniach oraz o\u00a0mo\u017cliwo\u015bciach uzyskania kopii zabezpiecze\u0144 lub o miejscu ich udost\u0119pnienia, dost\u0119pne s\u0105 u Administratora, z kt\u00f3rym mo\u017cna skontaktowa\u0107 si\u0119 w spos\u00f3b okre\u015blony pkt I.2 niniejszej Polityki.<\/span><\/li>\n<\/ol>\n<p><b><\/b><\/p>\n<ul>\n<li aria-level=\"1\"><b>Pliki cookie<\/b><\/li>\n<\/ul>\n<ol>\n<li style=\"font-weight: 400;\" aria-level=\"1\"><span style=\"font-weight: 400;\">Informacje og\u00f3lne<\/span><\/li>\n<\/ol>\n<ol>\n<li style=\"font-weight: 400;\" aria-level=\"1\"><span style=\"font-weight: 400;\">Administrator stosuje pliki cookie lub podobne technologie (zwane dalej \u0142\u0105cznie \u201eplikami cookie\u201d) poprzez kt\u00f3re nale\u017cy rozumie\u0107 dane informatyczne, w\u00a0szczeg\u00f3lno\u015bci pliki tekstowe przechowywane w\u00a0urz\u0105dzeniach ko\u0144cowych os\u00f3b przegl\u0105daj\u0105cych strony.\u00a0<\/span><\/li>\n<li style=\"font-weight: 400;\" aria-level=\"1\"><span style=\"font-weight: 400;\">Administrator w ramach stosowania plik\u00f3w cookie mo\u017ce przetwarza\u0107 dane o urz\u0105dzeniu u\u017cytkownika, jego lokalizacji, czynno\u015bciach wykonywanych na stronie internetowej (np. czas wizyty) oraz inne dane, zale\u017cne od zastosowanego pliku cookie (np. zainteresowanie wybran\u0105 reklam\u0105).\u00a0<\/span><\/li>\n<\/ol>\n<ol>\n<li style=\"font-weight: 400;\" aria-level=\"1\"><span style=\"font-weight: 400;\">Pliki stosowane na stronie internetowej vitaleats.pl<\/span><\/li>\n<\/ol>\n<ol>\n<li style=\"font-weight: 400;\" aria-level=\"1\"><span style=\"font-weight: 400;\">Administrator wykorzystuje pliki cookie \u2013 z uwagi na czas przechowywania \u2013 \u201esesyjne\u201d oraz \u201esta\u0142e\u201d. Pliki cookie sesyjne to pliki, kt\u00f3re pozostaj\u0105 na urz\u0105dzeniu u\u017cytkownika do czasu opuszczenia strony internetowej lub wylogowania, a pliki cookie sta\u0142e to pliki, kt\u00f3re pozostaj\u0105 przez okre\u015blony czas (wskazany w parametrach) lub do momentu manualnego usuni\u0119cia.\u00a0<\/span><\/li>\n<li style=\"font-weight: 400;\" aria-level=\"1\"><span style=\"font-weight: 400;\">Administrator \u2013 z uwagi na cel ich stosowania \u2013 wykorzystuje pliki cookie:\u202f\u00a0<\/span><\/li>\n<\/ol>\n<ol>\n<li style=\"font-weight: 400;\" aria-level=\"1\"><span style=\"font-weight: 400;\">Niezb\u0119dne &#8211; umo\u017cliwiaj\u0105ce funkcjonowanie strony. Kategoria ta nie mo\u017ce zosta\u0107 wy\u0142\u0105czona z\u00a0uwagi na prawid\u0142owe dzia\u0142anie witryny.\u00a0\u00a0<\/span><\/li>\n<li style=\"font-weight: 400;\" aria-level=\"1\"><span style=\"font-weight: 400;\">Statystyczne &#8211; pozwalaj\u0105ce na monitorowanie ruchu u\u017cytkownik\u00f3w na witrynie oraz weryfikowanie podejmowanych wybor\u00f3w, w tym badanie ilo\u015bci odwiedzin.\u00a0<\/span><\/li>\n<li style=\"font-weight: 400;\" aria-level=\"1\"><span style=\"font-weight: 400;\">Marketingowe &#8211; \u202f stosowane s\u0105 w zakresie wy\u015bwietlanych reklam oraz dostosowywania ich do preferencji u\u017cytkownika. Dostosowanie nast\u0119puje poprzez analiz\u0119 zachowa\u0144 poszczeg\u00f3lnych u\u017cytkownik\u00f3w na stronie internetowej. Analiza mo\u017ce zosta\u0107 powi\u0105zana r\u00f3wnie\u017c z zachowaniami na innych witrynach, zale\u017cnie od dostawcy pliki cookie.\u00a0<\/span><\/li>\n<li style=\"font-weight: 400;\" aria-level=\"1\"><span style=\"font-weight: 400;\">Funkcjonalne &#8211; umo\u017cliwiaj\u0105ce zapami\u0119tywanie wybor\u00f3w dokonanych na stronie, przyk\u0142adowo: preferowany j\u0119zyk strony, rozmieszczenie tre\u015bci oraz region, w kt\u00f3rym znajduje si\u0119 u\u017cytkownik.<\/span><\/li>\n<\/ol>\n<ol>\n<li style=\"font-weight: 400;\" aria-level=\"1\"><span style=\"font-weight: 400;\">Administrator wykorzystuje pliki cookie \u2013 z uwagi na w\u0142a\u015bciciela \u2013 w\u0142asne oraz podmiot\u00f3w trzecich. Pliki cookie w\u0142asne s\u0105 przesy\u0142ane bezpo\u015brednio przez stron\u0119 internetow\u0105, a\u00a0pliki cookie podmiot\u00f3w trzecich tworzone s\u0105 przez zewn\u0119trzne podmioty i administrowane przez te podmioty.<\/span><\/li>\n<\/ol>\n<ol>\n<li style=\"font-weight: 400;\" aria-level=\"1\"><span style=\"font-weight: 400;\">Zarz\u0105dzanie plikami cookie<\/span><\/li>\n<\/ol>\n<ol>\n<li style=\"font-weight: 400;\" aria-level=\"1\"><span style=\"font-weight: 400;\">Wszystkie pliki cookie, poza niezb\u0119dnymi, wymagaj\u0105 zgody u\u017cytkownika przed ich zastosowaniem. U\u017cytkownik dokonuje wyboru wobec stosowanych plik\u00f3w cookie, a do czasu wyra\u017cenia zgody pliki cookie s\u0105 blokowane.\u00a0<\/span><span style=\"font-weight: 400;\"> W ka\u017cdym momencie u\u017cytkownik mo\u017ce zmieni\u0107 ustawienia dotycz\u0105ce plik\u00f3w cookie na stronie internetowej Administratora, poprzez wycofanie zgody lub wyra\u017cenie sprzeciwu, wobec plik\u00f3w cookie, kt\u00f3re nie s\u0105 niezb\u0119dne.\u00a0<\/span><\/li>\n<li style=\"font-weight: 400;\" aria-level=\"1\"><span style=\"font-weight: 400;\">Ustawienia plik\u00f3w cookie mog\u0105 by\u0107 r\u00f3wnie\u017c zmienione bezpo\u015brednio w wykorzystywanej przegl\u0105darce internetowej. U\u017cytkownik na poziomie przegl\u0105darki mo\u017ce zarz\u0105dza\u0107 plikami cookie, poprzez ustawienie ka\u017cdorazowej informacji o umieszczeniu plik\u00f3w cookie na urz\u0105dzeniu lub blokowanie ich automatycznego zapisu. Zale\u017cnie od przegl\u0105darki konfiguracji mo\u017cna dokona\u0107 zgodnie z\u00a0podanymi poni\u017cej informacjami:\u00a0\u00a0<\/span><\/li>\n<\/ol>\n<ol>\n<li style=\"font-weight: 400;\" aria-level=\"1\"><span style=\"font-weight: 400;\">Microsoft Edge <\/span><a href=\"https:\/\/privacy.microsoft.com\/pl-pl\/privacystatement\"><span style=\"font-weight: 400;\">https:\/\/privacy.microsoft.com\/pl-pl\/privacystatement<\/span><\/a><span style=\"font-weight: 400;\">\u202f\u00a0<\/span><\/li>\n<li style=\"font-weight: 400;\" aria-level=\"1\"><span style=\"font-weight: 400;\">Chrome<\/span><a href=\"https:\/\/support.google.com\/chrome\/answer\/95647?co=GENIE.Platform%3DDesktop&amp;hl=pl\"><span style=\"font-weight: 400;\">https:\/\/support.google.com\/chrome\/answer\/95647?co=GENIE.Platform%3DDesktop&amp;hl=pl<\/span><\/a><span style=\"font-weight: 400;\">\u00a0<\/span><\/li>\n<li style=\"font-weight: 400;\" aria-level=\"1\"><span style=\"font-weight: 400;\">Opera <\/span><a href=\"https:\/\/www.opera.com\/help\/tutorials\/security\/cookies\/\"><span style=\"font-weight: 400;\">https:\/\/www.opera.com\/help\/tutorials\/security\/cookie\/<\/span><\/a><span style=\"font-weight: 400;\">\u202f\u00a0<\/span><\/li>\n<li style=\"font-weight: 400;\" aria-level=\"1\"><span style=\"font-weight: 400;\">Mozilla Firefox <\/span><a href=\"https:\/\/support.mozilla.org\/pl\/kb\/blokowanie-ciasteczek\"><span style=\"font-weight: 400;\">https:\/\/support.mozilla.org\/pl\/kb\/blokowanie-ciasteczek<\/span><\/a><span style=\"font-weight: 400;\">\u202f\u00a0<\/span><\/li>\n<li style=\"font-weight: 400;\" aria-level=\"1\"><span style=\"font-weight: 400;\">Safari <\/span><a href=\"https:\/\/support.apple.com\/pl-pl\/HT201265\"><span style=\"font-weight: 400;\">https:\/\/support.apple.com\/pl-pl\/HT201265<\/span><\/a><span style=\"font-weight: 400;\">\u202f\u00a0<\/span><\/li>\n<\/ol>\n<ol>\n<li style=\"font-weight: 400;\" aria-level=\"1\"><span style=\"font-weight: 400;\">W przypadku ograniczenia plik\u00f3w cookie, niekt\u00f3re z funkcjonalno\u015bci, mog\u0105 nie dzia\u0142a\u0107 poprawnie.\u202f\u00a0\u00a0\u00a0<\/span><\/li>\n<\/ol>\n<p>&nbsp;<\/p>\n<p>[\/et_pb_text][\/et_pb_column][\/et_pb_row][\/et_pb_section]<\/p>\n","protected":false},"excerpt":{"rendered":"<p>Polityka prywatno\u015bci Niniejsza Polityka Prywatno\u015bci zawiera zbiorcze informacje dotycz\u0105ce przetwarzania danych osobowych w domenie vitaleats.pl. Og\u00f3lne warunki przetwarzania danych osobowych Administratorem danych osobowych jest Monika Chrostowska z siedzib\u0105 w Trzebnicy, ul. Kazimierza Wielkiego 15 (zwany\/a dalej \u201eAdministratorem\u201d). Z Administratorem mo\u017cna kontaktowa\u0107 si\u0119 pisemnie na adres wskazany w zdaniu poprzedzaj\u0105cym lub drog\u0105 e-mailow\u0105 na adres: monika@vitaleats.pl. [&hellip;]<\/p>\n","protected":false},"author":1,"featured_media":0,"parent":0,"menu_order":0,"comment_status":"closed","ping_status":"open","template":"","meta":{"_et_pb_use_builder":"on","_et_pb_old_content":"<!-- wp:heading --><h2>Who we are<\/h2><!-- \/wp:heading --><!-- wp:paragraph --><p><strong class=\"privacy-policy-tutorial\">Suggested text: <\/strong>Our website address is: https:\/\/vitaleats.pl.<\/p><!-- \/wp:paragraph --><!-- wp:heading --><h2>Comments<\/h2><!-- \/wp:heading --><!-- wp:paragraph --><p><strong class=\"privacy-policy-tutorial\">Suggested text: <\/strong>When visitors leave comments on the site we collect the data shown in the comments form, and also the visitor&#8217;s IP address and browser user agent string to help spam detection.<\/p><!-- \/wp:paragraph --><!-- wp:paragraph --><p>An anonymized string created from your email address (also called a hash) may be provided to the Gravatar service to see if you are using it. The Gravatar service privacy policy is available here: https:\/\/automattic.com\/privacy\/. After approval of your comment, your profile picture is visible to the public in the context of your comment.<\/p><!-- \/wp:paragraph --><!-- wp:heading --><h2>Media<\/h2><!-- \/wp:heading --><!-- wp:paragraph --><p><strong class=\"privacy-policy-tutorial\">Suggested text: <\/strong>If you upload images to the website, you should avoid uploading images with embedded location data (EXIF GPS) included. Visitors to the website can download and extract any location data from images on the website.<\/p><!-- \/wp:paragraph --><!-- wp:heading --><h2>Cookies<\/h2><!-- \/wp:heading --><!-- wp:paragraph --><p><strong class=\"privacy-policy-tutorial\">Suggested text: <\/strong>If you leave a comment on our site you may opt-in to saving your name, email address and website in cookies. These are for your convenience so that you do not have to fill in your details again when you leave another comment. These cookies will last for one year.<\/p><!-- \/wp:paragraph --><!-- wp:paragraph --><p>If you visit our login page, we will set a temporary cookie to determine if your browser accepts cookies. This cookie contains no personal data and is discarded when you close your browser.<\/p><!-- \/wp:paragraph --><!-- wp:paragraph --><p>When you log in, we will also set up several cookies to save your login information and your screen display choices. Login cookies last for two days, and screen options cookies last for a year. If you select &quot;Remember Me&quot;, your login will persist for two weeks. If you log out of your account, the login cookies will be removed.<\/p><!-- \/wp:paragraph --><!-- wp:paragraph --><p>If you edit or publish an article, an additional cookie will be saved in your browser. This cookie includes no personal data and simply indicates the post ID of the article you just edited. It expires after 1 day.<\/p><!-- \/wp:paragraph --><!-- wp:heading --><h2>Embedded content from other websites<\/h2><!-- \/wp:heading --><!-- wp:paragraph --><p><strong class=\"privacy-policy-tutorial\">Suggested text: <\/strong>Articles on this site may include embedded content (e.g. videos, images, articles, etc.). Embedded content from other websites behaves in the exact same way as if the visitor has visited the other website.<\/p><!-- \/wp:paragraph --><!-- wp:paragraph --><p>These websites may collect data about you, use cookies, embed additional third-party tracking, and monitor your interaction with that embedded content, including tracking your interaction with the embedded content if you have an account and are logged in to that website.<\/p><!-- \/wp:paragraph --><!-- wp:heading --><h2>Who we share your data with<\/h2><!-- \/wp:heading --><!-- wp:paragraph --><p><strong class=\"privacy-policy-tutorial\">Suggested text: <\/strong>If you request a password reset, your IP address will be included in the reset email.<\/p><!-- \/wp:paragraph --><!-- wp:heading --><h2>How long we retain your data<\/h2><!-- \/wp:heading --><!-- wp:paragraph --><p><strong class=\"privacy-policy-tutorial\">Suggested text: <\/strong>If you leave a comment, the comment and its metadata are retained indefinitely. This is so we can recognize and approve any follow-up comments automatically instead of holding them in a moderation queue.<\/p><!-- \/wp:paragraph --><!-- wp:paragraph --><p>For users that register on our website (if any), we also store the personal information they provide in their user profile. All users can see, edit, or delete their personal information at any time (except they cannot change their username). Website administrators can also see and edit that information.<\/p><!-- \/wp:paragraph --><!-- wp:heading --><h2>What rights you have over your data<\/h2><!-- \/wp:heading --><!-- wp:paragraph --><p><strong class=\"privacy-policy-tutorial\">Suggested text: <\/strong>If you have an account on this site, or have left comments, you can request to receive an exported file of the personal data we hold about you, including any data you have provided to us. You can also request that we erase any personal data we hold about you. This does not include any data we are obliged to keep for administrative, legal, or security purposes.<\/p><!-- \/wp:paragraph --><!-- wp:heading --><h2>Where your data is sent<\/h2><!-- \/wp:heading --><!-- wp:paragraph --><p><strong class=\"privacy-policy-tutorial\">Suggested text: <\/strong>Visitor comments may be checked through an automated spam detection service.<\/p><!-- \/wp:paragraph -->","_et_gb_content_width":"","footnotes":""},"_links":{"self":[{"href":"https:\/\/vitaleats.pl\/index.php?rest_route=\/wp\/v2\/pages\/3"}],"collection":[{"href":"https:\/\/vitaleats.pl\/index.php?rest_route=\/wp\/v2\/pages"}],"about":[{"href":"https:\/\/vitaleats.pl\/index.php?rest_route=\/wp\/v2\/types\/page"}],"author":[{"embeddable":true,"href":"https:\/\/vitaleats.pl\/index.php?rest_route=\/wp\/v2\/users\/1"}],"replies":[{"embeddable":true,"href":"https:\/\/vitaleats.pl\/index.php?rest_route=%2Fwp%2Fv2%2Fcomments&post=3"}],"version-history":[{"count":3,"href":"https:\/\/vitaleats.pl\/index.php?rest_route=\/wp\/v2\/pages\/3\/revisions"}],"predecessor-version":[{"id":220,"href":"https:\/\/vitaleats.pl\/index.php?rest_route=\/wp\/v2\/pages\/3\/revisions\/220"}],"wp:attachment":[{"href":"https:\/\/vitaleats.pl\/index.php?rest_route=%2Fwp%2Fv2%2Fmedia&parent=3"}],"curies":[{"name":"wp","href":"https:\/\/api.w.org\/{rel}","templated":true}]}}